{"id":9,"date":"2018-03-09T22:48:07","date_gmt":"2018-03-09T22:48:07","guid":{"rendered":"http:\/\/elisabethscherer.de\/?page_id=9"},"modified":"2021-05-06T21:01:52","modified_gmt":"2021-05-06T21:01:52","slug":"heidelberger-festspiele-1937","status":"publish","type":"page","link":"http:\/\/elisabethscherer.de\/?page_id=9","title":{"rendered":"Heidelberger Festspiele 1937"},"content":{"rendered":"\n<p><\/p>\n\n\n<h1>G\u00f6tz von Berlichingen<\/h1>\n<p><img decoding=\"async\" loading=\"lazy\" class=\"alignright wp-image-17\" src=\"http:\/\/elisabethscherer.de\/wp-content\/uploads\/2018\/03\/1937_Heidelberg.gif\" alt=\"\" width=\"422\" height=\"604\" \/><\/p>\n<p><strong>Autor:<\/strong><br \/>Johann Wolfgang v. Goethe<\/p>\n<p><strong>Rolle<\/strong>:<br \/>Kammerfr\u00e4ulein<\/p>\n<p><strong>Premiere:<\/strong><br \/>1937<\/p>\n<p><strong>Regie:<\/strong><br \/>Heinrich George<\/p>\n<p><strong>Darsteller:<\/strong><br \/>u.a. Lina Carstens, Walter Richter,<br \/>Gustav Knut<\/p>\n<h1>Pantalon und seine S\u00f6hne<\/h1>\n\n\n<figure class=\"wp-block-table\"><table class=\"has-fixed-layout\"><tbody><tr><td>Autor:<\/td><td>Paul Ernst<\/td><\/tr><tr><td>Rolle:<\/td><td>Aurelia<\/td><\/tr><tr><td>Premiere:<\/td><td><\/td><\/tr><tr><td>Regie:<\/td><td>Hans Schweikart<\/td><\/tr><tr><td>Darsteller:<\/td><td>Ren\u00e9 Deltgen, Lina Carstens<\/td><\/tr><\/tbody><\/table><\/figure>\n","protected":false},"excerpt":{"rendered":"<p>G\u00f6tz von Berlichingen Autor:Johann Wolfgang v. Goethe Rolle:Kammerfr\u00e4ulein Premiere:1937 Regie:Heinrich George Darsteller:u.a. Lina Carstens, Walter Richter,Gustav Knut Pantalon und seine S\u00f6hne Autor: Paul Ernst Rolle: Aurelia Premiere: Regie: Hans Schweikart Darsteller: Ren\u00e9 Deltgen, Lina Carstens<\/p>\n","protected":false},"author":1,"featured_media":0,"parent":0,"menu_order":0,"comment_status":"closed","ping_status":"closed","template":"","meta":[],"_links":{"self":[{"href":"http:\/\/elisabethscherer.de\/index.php?rest_route=\/wp\/v2\/pages\/9"}],"collection":[{"href":"http:\/\/elisabethscherer.de\/index.php?rest_route=\/wp\/v2\/pages"}],"about":[{"href":"http:\/\/elisabethscherer.de\/index.php?rest_route=\/wp\/v2\/types\/page"}],"author":[{"embeddable":true,"href":"http:\/\/elisabethscherer.de\/index.php?rest_route=\/wp\/v2\/users\/1"}],"replies":[{"embeddable":true,"href":"http:\/\/elisabethscherer.de\/index.php?rest_route=%2Fwp%2Fv2%2Fcomments&post=9"}],"version-history":[{"count":7,"href":"http:\/\/elisabethscherer.de\/index.php?rest_route=\/wp\/v2\/pages\/9\/revisions"}],"predecessor-version":[{"id":63,"href":"http:\/\/elisabethscherer.de\/index.php?rest_route=\/wp\/v2\/pages\/9\/revisions\/63"}],"wp:attachment":[{"href":"http:\/\/elisabethscherer.de\/index.php?rest_route=%2Fwp%2Fv2%2Fmedia&parent=9"}],"curies":[{"name":"wp","href":"https:\/\/api.w.org\/{rel}","templated":true}]}}